{"id":995,"date":"2024-01-12T15:01:26","date_gmt":"2024-01-12T14:01:26","guid":{"rendered":"https:\/\/inoxplus.mailbox-marketing10.be\/?post_type=product&#038;p=995"},"modified":"2024-01-19T13:38:03","modified_gmt":"2024-01-19T12:38:03","slug":"libre-service-personnalise","status":"publish","type":"product","link":"https:\/\/www.inoxplus.be\/fr\/product\/maatwerk-zelfbediening\/","title":{"rendered":"Libre-service personnalis\u00e9"},"content":{"rendered":"<p>Les comptoirs de libre-service d'Inoxplus sont fabriqu\u00e9s sur mesure et sont enti\u00e8rement en acier inoxydable pour assurer leur stabilit\u00e9. Ici, diff\u00e9rents \u00e9l\u00e9ments sont con\u00e7us tels que des \u00e9l\u00e9ments de caisse, des drop-in int\u00e9gr\u00e9s, des \u00e9crans de respiration...<\/p>\n\n\n\n<p>Diff\u00e9rentes finitions telles que le bois ou d'autres peuvent \u00eatre utilis\u00e9es avec ces yeux en libre-service.<\/p>","protected":false},"featured_media":991,"template":"","producttype":[19],"class_list":["post-995","product","type-product","status-publish","has-post-thumbnail","hentry","producttype-professionele-keuken"],"_links":{"self":[{"href":"https:\/\/www.inoxplus.be\/fr\/wp-json\/wp\/v2\/product\/995","targetHints":{"allow":["GET"]}}],"collection":[{"href":"https:\/\/www.inoxplus.be\/fr\/wp-json\/wp\/v2\/product"}],"about":[{"href":"https:\/\/www.inoxplus.be\/fr\/wp-json\/wp\/v2\/types\/product"}],"version-history":[{"count":1,"href":"https:\/\/www.inoxplus.be\/fr\/wp-json\/wp\/v2\/product\/995\/revisions"}],"predecessor-version":[{"id":1235,"href":"https:\/\/www.inoxplus.be\/fr\/wp-json\/wp\/v2\/product\/995\/revisions\/1235"}],"wp:featuredmedia":[{"embeddable":true,"href":"https:\/\/www.inoxplus.be\/fr\/wp-json\/wp\/v2\/media\/991"}],"wp:attachment":[{"href":"https:\/\/www.inoxplus.be\/fr\/wp-json\/wp\/v2\/media?parent=995"}],"wp:term":[{"taxonomy":"producttype","embeddable":true,"href":"https:\/\/www.inoxplus.be\/fr\/wp-json\/wp\/v2\/producttype?post=995"}],"curies":[{"name":"wp","href":"https:\/\/api.w.org\/{rel}","templated":true}]}}