{"id":994,"date":"2024-01-12T15:09:58","date_gmt":"2024-01-12T14:09:58","guid":{"rendered":"https:\/\/inoxplus.mailbox-marketing10.be\/?post_type=product&#038;p=994"},"modified":"2024-01-19T13:42:49","modified_gmt":"2024-01-19T12:42:49","slug":"tables-sur-mesure-tables-de-rincage","status":"publish","type":"product","link":"https:\/\/www.inoxplus.be\/fr\/product\/maatwerk-tafels-spoeltafels\/","title":{"rendered":"Tables sur mesure et tables d'\u00e9vier"},"content":{"rendered":"<p>Les tables ou les tables de rin\u00e7age sont fabriqu\u00e9es dans des dimensions standard ou sur mesure, conform\u00e9ment aux normes HACCP.<\/p>\n\n\n\n<p>En fonction de l'emplacement, nous proposons de nombreuses options : avec tiroir GN en acier inoxydable, bloc-tiroirs, trou de vidange, sur pieds r\u00e9glables ou sur roulettes.<\/p>\n\n\n\n<p>Nos tables \"walk-in\" ou \"walk-out\" sont con\u00e7ues en fonction du type de machine et peuvent \u00eatre \u00e9quip\u00e9es d'un \u00e9vier et d'une bordure soud\u00e9s.<\/p>","protected":false},"featured_media":985,"template":"","producttype":[19],"class_list":["post-994","product","type-product","status-publish","has-post-thumbnail","hentry","producttype-professionele-keuken"],"_links":{"self":[{"href":"https:\/\/www.inoxplus.be\/fr\/wp-json\/wp\/v2\/product\/994","targetHints":{"allow":["GET"]}}],"collection":[{"href":"https:\/\/www.inoxplus.be\/fr\/wp-json\/wp\/v2\/product"}],"about":[{"href":"https:\/\/www.inoxplus.be\/fr\/wp-json\/wp\/v2\/types\/product"}],"version-history":[{"count":1,"href":"https:\/\/www.inoxplus.be\/fr\/wp-json\/wp\/v2\/product\/994\/revisions"}],"predecessor-version":[{"id":1307,"href":"https:\/\/www.inoxplus.be\/fr\/wp-json\/wp\/v2\/product\/994\/revisions\/1307"}],"wp:featuredmedia":[{"embeddable":true,"href":"https:\/\/www.inoxplus.be\/fr\/wp-json\/wp\/v2\/media\/985"}],"wp:attachment":[{"href":"https:\/\/www.inoxplus.be\/fr\/wp-json\/wp\/v2\/media?parent=994"}],"wp:term":[{"taxonomy":"producttype","embeddable":true,"href":"https:\/\/www.inoxplus.be\/fr\/wp-json\/wp\/v2\/producttype?post=994"}],"curies":[{"name":"wp","href":"https:\/\/api.w.org\/{rel}","templated":true}]}}