{"id":993,"date":"2024-01-12T15:09:28","date_gmt":"2024-01-12T14:09:28","guid":{"rendered":"https:\/\/inoxplus.mailbox-marketing10.be\/?post_type=product&#038;p=993"},"modified":"2024-01-19T12:51:48","modified_gmt":"2024-01-19T11:51:48","slug":"dosseret-en-acier-inoxydable","status":"publish","type":"product","link":"https:\/\/www.inoxplus.be\/fr\/product\/inox-spatwand\/","title":{"rendered":"Dosseret en acier inoxydable"},"content":{"rendered":"<p>Bienvenue chez Inoxplus, votre partenaire fiable pour l'installation d'une cr\u00e9dence en acier inoxydable dans votre cuisine.<\/p>\n\n\n\n<h2 class=\"wp-block-heading\">Cr\u00e9dence en acier inoxydable sur mesure<\/h2>\n\n\n\n<p>Un mur de dosseret doit r\u00e9sister \u00e0 une manipulation brutale et nous le comprenons tr\u00e8s bien chez Inoxplus. Nous sommes sp\u00e9cialis\u00e9s dans la fabrication d'un dosseret de cuisine en acier inoxydable qui retient la salet\u00e9 tout en \u00e9tant facile \u00e0 nettoyer et \u00e0 entretenir. Chez nous, vous n'avez pas \u00e0 choisir entre des dosserets standard, car nous fabriquons n'importe quel mur de cuisine en acier inoxydable dans toutes les tailles possibles.<\/p>\n\n\n\n<h2 class=\"wp-block-heading\">Pourquoi contacter inoxplus ?<\/h2>\n\n\n\n<ul class=\"wp-block-list\">\n<li>Conseils : Nous r\u00e9pondons \u00e0 toutes vos questions concernant les plans de travail, les \u00e9viers et les cr\u00e9dences en acier inoxydable pour votre cuisine.<\/li>\n\n\n\n<li>Mesure : Nous commen\u00e7ons par une mesure minutieuse au millim\u00e8tre pr\u00e8s.<\/li>\n\n\n\n<li>Les designs : Nous cr\u00e9ons des designs 3D en acier inoxydable qui surprennent.<\/li>\n\n\n\n<li>Produire : Nous travaillons de mani\u00e8re efficace et pr\u00e9cise dans notre hall de production.<\/li>\n\n\n\n<li>Livrer : Nous transportons de mani\u00e8re s\u00fbre et ponctuelle, ce qui est notre marque de fabrique.<\/li>\n\n\n\n<li>Entretien : Nous vous donnons des conseils pour l'entretien de votre acier inoxydable.<\/li>\n<\/ul>\n\n\n\n<h2 class=\"wp-block-heading\">Inoxplus opte pour un service +plus+.<br><\/h2>\n\n\n\n<p>Inoxplus a pour objectif d'offrir un service complet et se charge volontiers de l'ensemble du processus. Des sp\u00e9cialistes r\u00e9servent une date dans l'agenda pour vous conseiller de mani\u00e8re professionnelle. Vous n'avez pas encore d'esquisse ou de dessin ? Pas de probl\u00e8me, nous venons sur place avec des instruments de mesure de haute technologie. Dans notre atelier, nous ne travaillons pas seulement vite, mais aussi bien, et nous vous promettons une finition impeccable de votre projet.<\/p>\n\n\n\n<p>Vous \u00eates int\u00e9ress\u00e9 par un plan de travail, un \u00e9vier ou une cr\u00e9dence en acier inoxydable ? N'h\u00e9sitez pas \u00e0 remplir notre formulaire de contact et nous vous rappellerons dans les plus brefs d\u00e9lais.<\/p>","protected":false},"featured_media":1233,"template":"","producttype":[18],"class_list":["post-993","product","type-product","status-publish","has-post-thumbnail","hentry","producttype-keuken"],"_links":{"self":[{"href":"https:\/\/www.inoxplus.be\/fr\/wp-json\/wp\/v2\/product\/993","targetHints":{"allow":["GET"]}}],"collection":[{"href":"https:\/\/www.inoxplus.be\/fr\/wp-json\/wp\/v2\/product"}],"about":[{"href":"https:\/\/www.inoxplus.be\/fr\/wp-json\/wp\/v2\/types\/product"}],"version-history":[{"count":1,"href":"https:\/\/www.inoxplus.be\/fr\/wp-json\/wp\/v2\/product\/993\/revisions"}],"predecessor-version":[{"id":1234,"href":"https:\/\/www.inoxplus.be\/fr\/wp-json\/wp\/v2\/product\/993\/revisions\/1234"}],"wp:featuredmedia":[{"embeddable":true,"href":"https:\/\/www.inoxplus.be\/fr\/wp-json\/wp\/v2\/media\/1233"}],"wp:attachment":[{"href":"https:\/\/www.inoxplus.be\/fr\/wp-json\/wp\/v2\/media?parent=993"}],"wp:term":[{"taxonomy":"producttype","embeddable":true,"href":"https:\/\/www.inoxplus.be\/fr\/wp-json\/wp\/v2\/producttype?post=993"}],"curies":[{"name":"wp","href":"https:\/\/api.w.org\/{rel}","templated":true}]}}