{"id":984,"date":"2024-01-12T15:08:40","date_gmt":"2024-01-12T14:08:40","guid":{"rendered":"https:\/\/inoxplus.mailbox-marketing10.be\/?post_type=product&#038;p=984"},"modified":"2024-01-19T13:36:50","modified_gmt":"2024-01-19T12:36:50","slug":"plan-de-travail-de-cuisine-en-acier-inoxydable","status":"publish","type":"product","link":"https:\/\/www.inoxplus.be\/fr\/product\/inox-keukenblad\/","title":{"rendered":"Plan de travail en acier inoxydable"},"content":{"rendered":"<p>Bienvenue chez Inoxplus, sp\u00e9cialis\u00e9 dans la conception et la production de plans de travail en acier inoxydable pour les cuisines.<\/p>\n\n\n\n<h2 class=\"wp-block-heading\">Faire r\u00e9aliser un plan de travail en acier inoxydable sur mesure<\/h2>\n\n\n\n<p>Votre tablette de cuisine est utilis\u00e9e intensivement chaque jour. Choisissez donc une solution de cuisine intelligente en acier inoxydable qui vous garantira des ann\u00e9es de plaisir culinaire. Vous voulez en savoir plus sur la valeur ajout\u00e9e d'un plan de travail en acier inoxydable ? Il allie sans peine design et fonctionnalit\u00e9 gr\u00e2ce \u00e0 un mat\u00e9riau \u00e0 toute \u00e9preuve, hygi\u00e9nique et r\u00e9sistant \u00e0 la chaleur. Une barri\u00e8re \u00e0 l'eau, une finition inclin\u00e9e ou une grande surface ? Inoxplus transforme tous vos souhaits et toutes vos id\u00e9es en un plan de travail en acier inoxydable sur mesure.<\/p>\n\n\n\n<p>Nos artisans r\u00e9alisent des d\u00e9coupes pour votre cuisini\u00e8re, vos prises de courant, votre teppanyaki ou votre poubelle et peuvent souder sans probl\u00e8me n'importe quel \u00e9vier dans votre plan de travail de cuisine en acier inoxydable.<\/p>","protected":false},"featured_media":1299,"template":"","producttype":[18],"class_list":["post-984","product","type-product","status-publish","has-post-thumbnail","hentry","producttype-keuken"],"_links":{"self":[{"href":"https:\/\/www.inoxplus.be\/fr\/wp-json\/wp\/v2\/product\/984","targetHints":{"allow":["GET"]}}],"collection":[{"href":"https:\/\/www.inoxplus.be\/fr\/wp-json\/wp\/v2\/product"}],"about":[{"href":"https:\/\/www.inoxplus.be\/fr\/wp-json\/wp\/v2\/types\/product"}],"version-history":[{"count":1,"href":"https:\/\/www.inoxplus.be\/fr\/wp-json\/wp\/v2\/product\/984\/revisions"}],"predecessor-version":[{"id":1309,"href":"https:\/\/www.inoxplus.be\/fr\/wp-json\/wp\/v2\/product\/984\/revisions\/1309"}],"wp:featuredmedia":[{"embeddable":true,"href":"https:\/\/www.inoxplus.be\/fr\/wp-json\/wp\/v2\/media\/1299"}],"wp:attachment":[{"href":"https:\/\/www.inoxplus.be\/fr\/wp-json\/wp\/v2\/media?parent=984"}],"wp:term":[{"taxonomy":"producttype","embeddable":true,"href":"https:\/\/www.inoxplus.be\/fr\/wp-json\/wp\/v2\/producttype?post=984"}],"curies":[{"name":"wp","href":"https:\/\/api.w.org\/{rel}","templated":true}]}}