{"id":982,"date":"2024-01-12T15:12:45","date_gmt":"2024-01-12T14:12:45","guid":{"rendered":"https:\/\/inoxplus.mailbox-marketing10.be\/?post_type=product&#038;p=982"},"modified":"2024-01-18T17:25:31","modified_gmt":"2024-01-18T16:25:31","slug":"meubles-sur-mesure","status":"publish","type":"product","link":"https:\/\/www.inoxplus.be\/fr\/product\/maatwerk-meubels\/","title":{"rendered":"Meubles sur mesure"},"content":{"rendered":"<p>Les armoires de table et les armoires murales sont fabriqu\u00e9es en acier inoxydable 304L et soud\u00e9es. L'armoire de table peut \u00eatre \u00e9quip\u00e9e de portes \u00e0 charni\u00e8res, d'un \u00e9vier soud\u00e9, d'un support, de pieds r\u00e9glables ou de roulettes.<\/p>\n\n\n\n<p>Les bases des fours ou des lave-vaisselle peuvent \u00eatre \u00e9quip\u00e9es de guides pour les grilles ou les bacs GN.<\/p>\n\n\n\n<p>Un meuble sur mesure se compose d'un socle sur lequel sont mont\u00e9s plusieurs meubles bas et, au-dessus, un plan de travail sans joint.<\/p>\n\n\n\n<p>Nous pouvons souder les tablettes sans probl\u00e8me sur place.<\/p>","protected":false},"featured_media":1085,"template":"","producttype":[19],"class_list":["post-982","product","type-product","status-publish","has-post-thumbnail","hentry","producttype-professionele-keuken"],"_links":{"self":[{"href":"https:\/\/www.inoxplus.be\/fr\/wp-json\/wp\/v2\/product\/982","targetHints":{"allow":["GET"]}}],"collection":[{"href":"https:\/\/www.inoxplus.be\/fr\/wp-json\/wp\/v2\/product"}],"about":[{"href":"https:\/\/www.inoxplus.be\/fr\/wp-json\/wp\/v2\/types\/product"}],"version-history":[{"count":1,"href":"https:\/\/www.inoxplus.be\/fr\/wp-json\/wp\/v2\/product\/982\/revisions"}],"predecessor-version":[{"id":1236,"href":"https:\/\/www.inoxplus.be\/fr\/wp-json\/wp\/v2\/product\/982\/revisions\/1236"}],"wp:featuredmedia":[{"embeddable":true,"href":"https:\/\/www.inoxplus.be\/fr\/wp-json\/wp\/v2\/media\/1085"}],"wp:attachment":[{"href":"https:\/\/www.inoxplus.be\/fr\/wp-json\/wp\/v2\/media?parent=982"}],"wp:term":[{"taxonomy":"producttype","embeddable":true,"href":"https:\/\/www.inoxplus.be\/fr\/wp-json\/wp\/v2\/producttype?post=982"}],"curies":[{"name":"wp","href":"https:\/\/api.w.org\/{rel}","templated":true}]}}