{"id":361,"date":"2023-09-26T17:16:12","date_gmt":"2023-09-26T15:16:12","guid":{"rendered":"https:\/\/inoxplus.mailbox-marketing10.be\/?page_id=361"},"modified":"2024-01-15T13:25:25","modified_gmt":"2024-01-15T12:25:25","slug":"politique-de-confidentialite","status":"publish","type":"page","link":"https:\/\/www.inoxplus.be\/fr\/privacy-beleid\/","title":{"rendered":"Politique de confidentialit\u00e9"},"content":{"rendered":"<div data-elementor-type=\"wp-page\" data-elementor-id=\"361\" class=\"elementor elementor-361\" data-elementor-settings=\"{&quot;ha_cmc_init_switcher&quot;:&quot;no&quot;}\" data-elementor-post-type=\"page\">\n\t\t\t\t<div class=\"elementor-element elementor-element-188a980 e-flex e-con-boxed e-con e-parent\" data-id=\"188a980\" data-element_type=\"container\" data-e-type=\"container\" data-settings=\"{&quot;background_background&quot;:&quot;classic&quot;,&quot;_ha_eqh_enable&quot;:false}\">\n\t\t\t\t\t<div class=\"e-con-inner\">\n\t\t\t\t<div class=\"elementor-element elementor-element-288df8b elementor-widget elementor-widget-heading\" data-id=\"288df8b\" data-element_type=\"widget\" data-e-type=\"widget\" data-widget_type=\"heading.default\">\n\t\t\t\t<div class=\"elementor-widget-container\">\n\t\t\t\t\t<h1 class=\"elementor-heading-title elementor-size-default\">Politique de confidentialit\u00e9<\/h1>\t\t\t\t<\/div>\n\t\t\t\t<\/div>\n\t\t\t\t<div class=\"elementor-element elementor-element-c55109e elementor-widget elementor-widget-text-editor\" data-id=\"c55109e\" data-element_type=\"widget\" data-e-type=\"widget\" data-widget_type=\"text-editor.default\">\n\t\t\t\t<div class=\"elementor-widget-container\">\n\t\t\t\t\t\t\t\t\t<h2>Pourquoi cette d\u00e9claration de confidentialit\u00e9 ?\u00a0<\/h2><p>Inoxplus s'engage \u00e0 prot\u00e9ger votre vie priv\u00e9e et vos donn\u00e9es personnelles. Nous utilisons vos donn\u00e9es personnelles exclusivement en conformit\u00e9 avec la Loi sur la protection de la vie priv\u00e9e et d'autres r\u00e9glementations l\u00e9gales pertinentes en vigueur. Toute r\u00e9f\u00e9rence \u00e0 la Loi vie priv\u00e9e dans la pr\u00e9sente D\u00e9claration de confidentialit\u00e9 est une r\u00e9f\u00e9rence \u00e0 la Loi du 8 d\u00e9cembre 1992 relative \u00e0 la protection de la vie priv\u00e9e \u00e0 l'\u00e9gard des traitements de donn\u00e9es \u00e0 caract\u00e8re personnel. Toute r\u00e9f\u00e9rence au R\u00e8glement est une r\u00e9f\u00e9rence au R\u00e8glement du 27 avril 2016 relatif \u00e0 la protection des personnes physiques \u00e0 l'\u00e9gard du traitement des donn\u00e9es \u00e0 caract\u00e8re personnel et \u00e0 la libre circulation de ces donn\u00e9es.<br \/>Par la pr\u00e9sente d\u00e9claration de confidentialit\u00e9, Inoxplus souhaite vous informer des traitements possibles de ces donn\u00e9es et de vos droits. En utilisant notre plateforme\/notre site web\/notre application, vous donnez explicitement votre consentement aux \u00e9ventuels traitements effectu\u00e9s par Inoxplus.<br \/>La pr\u00e9sente d\u00e9claration de confidentialit\u00e9 peut faire l'objet de mises \u00e0 jour et de modifications \u00e0 l'avenir. Il vous appartient de consulter r\u00e9guli\u00e8rement ce document. Toute modification substantielle sera toujours clairement communiqu\u00e9e sur la plateforme Inoxplus.<\/p>\t\t\t\t\t\t\t\t<\/div>\n\t\t\t\t<\/div>\n\t\t\t\t<div class=\"elementor-element elementor-element-b420f96 elementor-widget elementor-widget-text-editor\" data-id=\"b420f96\" data-element_type=\"widget\" data-e-type=\"widget\" data-widget_type=\"text-editor.default\">\n\t\t\t\t<div class=\"elementor-widget-container\">\n\t\t\t\t\t\t\t\t\t<h2>Qui traite les donn\u00e9es \u00e0 caract\u00e8re personnel ?<\/h2><p>La plateforme\/site web\/application Inoxplus.be est une initiative de :<br \/><strong>Inoxplus BV<\/strong>\u00a0(ci-apr\u00e8s \"Inoxplus\")<br \/>Stationsstraat 216<br \/>3110 Rotselaar (Belgique)<br \/><a href=\"mailto:info@inoxplus.be\">info@inoxplus.be<\/a><br \/>+32 (0)2 270 48 51<\/p>\t\t\t\t\t\t\t\t<\/div>\n\t\t\t\t<\/div>\n\t\t\t\t<div class=\"elementor-element elementor-element-56e0fd2 elementor-widget elementor-widget-text-editor\" data-id=\"56e0fd2\" data-element_type=\"widget\" data-e-type=\"widget\" data-widget_type=\"text-editor.default\">\n\t\t\t\t<div class=\"elementor-widget-container\">\n\t\t\t\t\t\t\t\t\t<h2>Quelles sont les donn\u00e9es personnelles trait\u00e9es ?<\/h2><p>Inoxplus s'engage \u00e0 ne traiter que les donn\u00e9es pertinentes et n\u00e9cessaires aux fins pour lesquelles elles ont \u00e9t\u00e9 collect\u00e9es. Les cat\u00e9gories de donn\u00e9es \u00e0 caract\u00e8re personnel suivantes peuvent \u00eatre trait\u00e9es par Inoxplus.<\/p><ul><li>Donn\u00e9es d'identification<\/li><li>Donn\u00e9es financi\u00e8res<\/li><li>Caract\u00e9ristiques personnelles<\/li><li>Donn\u00e9es physiques<\/li><li>Habitudes de vie<\/li><li>Composition de la famille<\/li><li>Activit\u00e9s de loisirs et centres d'int\u00e9r\u00eat<\/li><li>Adh\u00e9sions<\/li><li>Habitudes de consommation<\/li><li>Caract\u00e9ristiques du logement<\/li><li>Donn\u00e9es sur l'\u00e9ducation et la formation<\/li><li>Donn\u00e9es sur la profession et l'emploi<\/li><li>Images<\/li><\/ul><p>\u00a0<\/p>\t\t\t\t\t\t\t\t<\/div>\n\t\t\t\t<\/div>\n\t\t\t\t<div class=\"elementor-element elementor-element-00a0d5a elementor-widget elementor-widget-text-editor\" data-id=\"00a0d5a\" data-element_type=\"widget\" data-e-type=\"widget\" data-widget_type=\"text-editor.default\">\n\t\t\t\t<div class=\"elementor-widget-container\">\n\t\t\t\t\t\t\t\t\t<h2>\u00c0 quelles fins mes donn\u00e9es personnelles seront-elles utilis\u00e9es ?<\/h2><p>Inoxplus recueille des donn\u00e9es personnelles pour vous offrir une exp\u00e9rience utilisateur s\u00fbre, optimale et personnalis\u00e9e. <br \/><br \/>La collecte de donn\u00e9es \u00e0 caract\u00e8re personnel s'intensifie au fur et \u00e0 mesure que vous utilisez la plate-forme, le site web ou l'application et nos services en ligne.<br \/>Le traitement des donn\u00e9es est indispensable au fonctionnement de la plate-forme\/du site web\/de l'application et des services associ\u00e9s. Le traitement est effectu\u00e9 exclusivement aux fins bien d\u00e9finies suivantes :<\/p><ul><li>la d\u00e9tection et la protection contre la fraude, les erreurs et\/ou les comportements criminels.<\/li><li>Fournir et am\u00e9liorer un service g\u00e9n\u00e9ral et personnalis\u00e9, y compris \u00e0 des fins de facturation, proposer des informations, des bulletins d'information et des offres utiles et\/ou n\u00e9cessaires pour vous, obtenir et traiter les commentaires des utilisateurs et fournir une assistance.<\/li><li>Vous donner acc\u00e8s \u00e0 votre profil d'utilisateur.<\/li><li>Proposer et am\u00e9liorer les produits fournis ; des produits centr\u00e9s sur la personne et sp\u00e9cifiques, bas\u00e9s sur les informations et les donn\u00e9es fournies.<\/li><li>Objectifs de marketing<\/li><\/ul><p><br \/>Lors de la visite de la plate-forme\/site web\/application d'Inoxplus, certaines donn\u00e9es sont collect\u00e9es \u00e0 des fins statistiques. Ces donn\u00e9es sont n\u00e9cessaires pour optimiser l'utilisation de notre plate-forme\/site web\/application. <\/p><p>Ces donn\u00e9es sont les suivantes : Adresse IP, lieu probable de la consultation, heure et jour de la consultation, pages visit\u00e9es. Lorsque vous visitez la plateforme\/site web\/application d'Inoxplus, vous acceptez cette collecte de donn\u00e9es \u00e0 des fins statiques telles que d\u00e9crites ci-dessus.<\/p><p>L'utilisateur fournit toujours lui-m\u00eame les donn\u00e9es personnelles \u00e0 Inoxplus et peut donc exercer un certain contr\u00f4le. Si certaines informations sont incompl\u00e8tes ou apparemment incorrectes, Inoxplus se r\u00e9serve le droit de reporter temporairement ou d\u00e9finitivement certaines actions pr\u00e9vues.<\/p><p>Les donn\u00e9es personnelles ne sont trait\u00e9es que pour un usage interne au sein d'Inoxplus.<br \/>Nous pouvons donc vous assurer que les donn\u00e9es personnelles ne seront pas vendues, transf\u00e9r\u00e9es ou communiqu\u00e9es \u00e0 des tiers associ\u00e9s \u00e0 nous. Inoxplus a pris toutes les pr\u00e9cautions juridiques et techniques possibles pour \u00e9viter l'acc\u00e8s et l'utilisation non autoris\u00e9s.<\/p>\t\t\t\t\t\t\t\t<\/div>\n\t\t\t\t<\/div>\n\t\t\t\t<div class=\"elementor-element elementor-element-d6a0391 elementor-widget elementor-widget-text-editor\" data-id=\"d6a0391\" data-element_type=\"widget\" data-e-type=\"widget\" data-widget_type=\"text-editor.default\">\n\t\t\t\t<div class=\"elementor-widget-container\">\n\t\t\t\t\t\t\t\t\t<h2>Nous utilisons aussi des cookies !<\/h2><p>Lors d'une visite sur notre plate-forme\/site web, des \"cookies\" peuvent \u00eatre plac\u00e9s sur votre disque dur afin de mieux adapter la plate-forme\/site web aux besoins des visiteurs r\u00e9currents. Les cookies non fonctionnels nous aident \u00e0 optimiser votre visite sur la plate-forme et \u00e0 m\u00e9moriser les choix techniques.<\/p><p>Pour mieux comprendre comment nous utilisons les cookies pour collecter et traiter vos donn\u00e9es personnelles, veuillez vous r\u00e9f\u00e9rer \u00e0 notre site Internet\u00a0<a href=\"https:\/\/www.inoxplus.be\/fr\/politique-en-matiere-de-cookies\/\">D\u00e9claration de cookie<\/a>.<\/p><p>Si vous souhaitez consulter la plate-forme\/le site web d'Inoxplus, il est recommand\u00e9 d'activer les cookies. Toutefois, la mani\u00e8re de d\u00e9sactiver les cookies peut \u00e9galement \u00eatre trouv\u00e9e dans notre site web.\u00a0<a href=\"https:\/\/www.inoxplus.be\/fr\/politique-en-matiere-de-cookies\/\">D\u00e9claration de cookie<\/a>.<\/p>\t\t\t\t\t\t\t\t<\/div>\n\t\t\t\t<\/div>\n\t\t\t\t<div class=\"elementor-element elementor-element-d7e8060 elementor-widget elementor-widget-text-editor\" data-id=\"d7e8060\" data-element_type=\"widget\" data-e-type=\"widget\" data-widget_type=\"text-editor.default\">\n\t\t\t\t<div class=\"elementor-widget-container\">\n\t\t\t\t\t\t\t\t\t<h2>Quels sont mes droits ?<\/h2><p><strong>Garantir la l\u00e9galit\u00e9 et la s\u00e9curit\u00e9 du traitement des donn\u00e9es \u00e0 caract\u00e8re personnel<\/strong><\/p><p>Inoxplus traite toujours vos donn\u00e9es personnelles de mani\u00e8re loyale et licite. Cela inclut les garanties suivantes :<\/p><ul><li>Les donn\u00e9es \u00e0 caract\u00e8re personnel ne seront trait\u00e9es que conform\u00e9ment aux objectifs d\u00e9finis et l\u00e9gitimes de la pr\u00e9sente d\u00e9claration de confidentialit\u00e9.<\/li><li>Les donn\u00e9es \u00e0 caract\u00e8re personnel ne seront trait\u00e9es que dans la mesure o\u00f9 elles sont ad\u00e9quates, pertinentes et non excessives.<\/li><li>Les donn\u00e9es \u00e0 caract\u00e8re personnel ne seront conserv\u00e9es que le temps n\u00e9cessaire \u00e0 la r\u00e9alisation des objectifs d\u00e9finis et l\u00e9gitimes dans la pr\u00e9sente d\u00e9claration de confidentialit\u00e9.<\/li><\/ul><p><br \/>Les mesures techniques et de s\u00e9curit\u00e9 n\u00e9cessaires ont \u00e9t\u00e9 prises pour minimiser les risques d'acc\u00e8s ou de traitement non autoris\u00e9 des donn\u00e9es \u00e0 caract\u00e8re personnel. En cas d'intrusion dans ses syst\u00e8mes informatiques, Inoxplus prendra imm\u00e9diatement toutes les mesures possibles pour minimiser les dommages.<\/p>\t\t\t\t\t\t\t\t<\/div>\n\t\t\t\t<\/div>\n\t\t\t\t<div class=\"elementor-element elementor-element-6f3ccf4 elementor-widget elementor-widget-text-editor\" data-id=\"6f3ccf4\" data-element_type=\"widget\" data-e-type=\"widget\" data-widget_type=\"text-editor.default\">\n\t\t\t\t<div class=\"elementor-widget-container\">\n\t\t\t\t\t\t\t\t\t<h2>Droit d'acc\u00e8s\/correction\/suppression de vos donn\u00e9es personnelles<\/h2><p>Sur preuve de votre identit\u00e9 en tant qu'utilisateur, vous avez le droit d'obtenir d'Inoxplus une d\u00e9cision sur le traitement ou non de vos donn\u00e9es \u00e0 caract\u00e8re personnel. Si Inoxplus traite vos donn\u00e9es, vous avez \u00e9galement le droit d'acc\u00e9der aux donn\u00e9es personnelles collect\u00e9es.<\/p><p>Si vous souhaitez exercer votre droit de regard, Inoxplus y donnera suite dans un d\u00e9lai d'un (1) mois \u00e0 compter de la r\u00e9ception de la demande. La demande est faite par courrier recommand\u00e9 ou en envoyant un e-mail \u00e0\u00a0<a href=\"mailto:info@inoxplus.be\">info@inoxplus.be<\/a><\/p><p>Les donn\u00e9es personnelles inexactes ou incompl\u00e8tes peuvent \u00eatre corrig\u00e9es \u00e0 tout moment. Il appartient en premier lieu \u00e0 l'utilisateur de corriger lui-m\u00eame les donn\u00e9es inexactes et incompl\u00e8tes.<\/p><p>Vous pouvez exercer votre droit de rectification en fournissant une d\u00e9claration compl\u00e9mentaire \u00e0 Inoxplus. Inoxplus agira dans un d\u00e9lai d'un (1) mois \u00e0 compter de la r\u00e9ception de la d\u00e9claration compl\u00e9mentaire.<\/p><p>Vous avez \u00e9galement le droit d'obtenir de notre part l'effacement de vos donn\u00e9es \u00e0 caract\u00e8re personnel dans un d\u00e9lai raisonnable. Vous ne pouvez invoquer ce droit \u00e0 l'oubli que dans les cas suivants :<\/p><ul><li>Lorsque les donn\u00e9es \u00e0 caract\u00e8re personnel ne sont plus n\u00e9cessaires aux fins pour lesquelles elles ont \u00e9t\u00e9 collect\u00e9es \u00e0 l'origine ;<\/li><li>Lorsque les donn\u00e9es \u00e0 caract\u00e8re personnel ont \u00e9t\u00e9 collect\u00e9es sur la base du consentement obtenu et qu'il n'existe aucune autre base juridique pour le traitement ;<\/li><li>Lorsqu'une objection est formul\u00e9e \u00e0 l'encontre du traitement et qu'il n'existe pas de motifs l\u00e9gitimes imp\u00e9rieux et pr\u00e9pond\u00e9rants pour le traitement ;<\/li><li>Lorsque des donn\u00e9es \u00e0 caract\u00e8re personnel ont \u00e9t\u00e9 trait\u00e9es de mani\u00e8re illicite ;<\/li><li>Lorsque les donn\u00e9es \u00e0 caract\u00e8re personnel doivent \u00eatre supprim\u00e9es en vertu d'une obligation l\u00e9gale.<\/li><\/ul><p><br \/>Inoxplus \u00e9value la pr\u00e9sence de l'un ou l'autre des cas susmentionn\u00e9s.<\/p>\t\t\t\t\t\t\t\t<\/div>\n\t\t\t\t<\/div>\n\t\t\t\t<div class=\"elementor-element elementor-element-95a322f elementor-widget elementor-widget-text-editor\" data-id=\"95a322f\" data-element_type=\"widget\" data-e-type=\"widget\" data-widget_type=\"text-editor.default\">\n\t\t\t\t<div class=\"elementor-widget-container\">\n\t\t\t\t\t\t\t\t\t<h2>Droit de restreindre le traitement de vos donn\u00e9es personnelles ou de s'y opposer<\/h2><p>L'utilisateur a le droit d'obtenir une limitation du traitement de ses donn\u00e9es personnelles :<\/p><ul><li>Pendant la p\u00e9riode n\u00e9cessaire \u00e0 Inoxplus pour v\u00e9rifier l'exactitude des donn\u00e9es personnelles, en cas de litige ;<\/li><li>Lorsque le traitement des donn\u00e9es est ill\u00e9gal et que l'utilisateur demande la limitation du traitement au lieu de l'effacement des donn\u00e9es \u00e0 caract\u00e8re personnel ;<\/li><li>Lorsqu'Inoxplus n'a plus besoin des donn\u00e9es personnelles de l'Utilisateur \u00e0 des fins de traitement et que l'Utilisateur a besoin des donn\u00e9es personnelles dans le cadre d'une r\u00e9clamation l\u00e9gale ;<\/li><li>Pendant la p\u00e9riode n\u00e9cessaire \u00e0 Inoxplus pour \u00e9valuer l'existence des motifs d'effacement des donn\u00e9es \u00e0 caract\u00e8re personnel.<\/li><\/ul><p><br \/>L'utilisateur a \u00e9galement le droit de s'opposer \u00e0 tout moment au traitement de ses donn\u00e9es \u00e0 caract\u00e8re personnel. Inoxplus cessera alors de traiter vos donn\u00e9es \u00e0 caract\u00e8re personnel, \u00e0 moins qu'Inoxplus ne puisse invoquer des motifs l\u00e9gitimes imp\u00e9rieux pour le traitement de vos donn\u00e9es \u00e0 caract\u00e8re personnel qui l'emportent sur le droit d'opposition de l'Utilisateur.<\/p><p>Si l'Utilisateur souhaite exercer ces droits, Inoxplus y donnera suite dans un d\u00e9lai d'un (1) mois \u00e0 compter de la r\u00e9ception de la demande. La demande est faite par courrier recommand\u00e9 ou par e-mail \u00e0 l'adresse suivante <a href=\"mailto:info@inoxplus.be\">info@inoxplus.be<\/a><\/p>\t\t\t\t\t\t\t\t<\/div>\n\t\t\t\t<\/div>\n\t\t\t\t<div class=\"elementor-element elementor-element-a409219 elementor-widget elementor-widget-text-editor\" data-id=\"a409219\" data-element_type=\"widget\" data-e-type=\"widget\" data-widget_type=\"text-editor.default\">\n\t\t\t\t<div class=\"elementor-widget-container\">\n\t\t\t\t\t\t\t\t\t<h2>Droit \u00e0 la portabilit\u00e9 des donn\u00e9es<\/h2><p>L'utilisateur a le droit d'obtenir les donn\u00e9es personnelles fournies \u00e0 Inoxplus dans un format structur\u00e9, commun et lisible par machine. En outre, l'utilisateur a le droit de transf\u00e9rer ces donn\u00e9es \u00e0 caract\u00e8re personnel \u00e0 un autre responsable du traitement si le traitement des donn\u00e9es \u00e0 caract\u00e8re personnel repose uniquement sur le consentement obtenu de l'utilisateur.<br \/><br \/>Si l'Utilisateur souhaite exercer ce droit, Inoxplus y donnera suite dans un d\u00e9lai d'un (1) mois \u00e0 compter de la r\u00e9ception de la demande. La demande est faite par courrier recommand\u00e9 ou par e-mail \u00e0 l'adresse suivante\u00a0<a href=\"mailto:info@inoxplus.be\">info@inoxplus.be<\/a>.<\/p>\t\t\t\t\t\t\t\t<\/div>\n\t\t\t\t<\/div>\n\t\t\t\t<div class=\"elementor-element elementor-element-1c3e9ce elementor-widget elementor-widget-text-editor\" data-id=\"1c3e9ce\" data-element_type=\"widget\" data-e-type=\"widget\" data-widget_type=\"text-editor.default\">\n\t\t\t\t<div class=\"elementor-widget-container\">\n\t\t\t\t\t\t\t\t\t<h2>Droit de retirer mon consentement\/droit de porter plainte<\/h2><p>L'utilisateur a le droit de retirer son consentement \u00e0 tout moment. Le retrait du consentement n'affecte pas la l\u00e9galit\u00e9 du traitement fond\u00e9 sur le consentement avant son retrait. En outre, l'utilisateur a le droit de d\u00e9poser une plainte concernant le traitement de ses donn\u00e9es personnelles par Inoxplus aupr\u00e8s de la Commission belge pour la protection de la vie priv\u00e9e.<br \/>Si l'Utilisateur souhaite exercer ce droit, Inoxplus y donnera suite dans un d\u00e9lai d'un (1) mois \u00e0 compter de la r\u00e9ception de la demande. La demande est faite par courrier recommand\u00e9 ou par e-mail \u00e0 l'adresse suivante\u00a0<a href=\"mailto:info@inoxplus.be\">info@inoxplus.be<\/a>.<\/p>\t\t\t\t\t\t\t\t<\/div>\n\t\t\t\t<\/div>\n\t\t\t\t\t<\/div>\n\t\t\t\t<\/div>\n\t\t\t\t<\/div>","protected":false},"excerpt":{"rendered":"<p>Privacybeleid Waarom deze privacyverklaring?\u00a0 Inoxplus hecht grote waarde aan de bescherming van uw privacy en persoonsgegevens. Wij gebruiken uw persoonsgegevens uitsluitend in overeenstemming met de Privacywet en andere relevante vigerende wettelijke voorschriften. Iedere verwijzing in deze Privacyverklaring naar de Privacywet betekent een verwijzing naar de Wet van 8 december 1992 tot bescherming van de persoonlijke [&hellip;]<\/p>\n","protected":false},"author":1,"featured_media":0,"parent":0,"menu_order":0,"comment_status":"closed","ping_status":"closed","template":"","meta":{"_seopress_robots_primary_cat":"","_seopress_titles_title":"","_seopress_titles_desc":"","_seopress_robots_index":"","footnotes":""},"class_list":["post-361","page","type-page","status-publish","hentry"],"_links":{"self":[{"href":"https:\/\/www.inoxplus.be\/fr\/wp-json\/wp\/v2\/pages\/361","targetHints":{"allow":["GET"]}}],"collection":[{"href":"https:\/\/www.inoxplus.be\/fr\/wp-json\/wp\/v2\/pages"}],"about":[{"href":"https:\/\/www.inoxplus.be\/fr\/wp-json\/wp\/v2\/types\/page"}],"author":[{"embeddable":true,"href":"https:\/\/www.inoxplus.be\/fr\/wp-json\/wp\/v2\/users\/1"}],"replies":[{"embeddable":true,"href":"https:\/\/www.inoxplus.be\/fr\/wp-json\/wp\/v2\/comments?post=361"}],"version-history":[{"count":3,"href":"https:\/\/www.inoxplus.be\/fr\/wp-json\/wp\/v2\/pages\/361\/revisions"}],"predecessor-version":[{"id":1196,"href":"https:\/\/www.inoxplus.be\/fr\/wp-json\/wp\/v2\/pages\/361\/revisions\/1196"}],"wp:attachment":[{"href":"https:\/\/www.inoxplus.be\/fr\/wp-json\/wp\/v2\/media?parent=361"}],"curies":[{"name":"wp","href":"https:\/\/api.w.org\/{rel}","templated":true}]}}