{"id":992,"date":"2024-01-12T15:09:01","date_gmt":"2024-01-12T14:09:01","guid":{"rendered":"https:\/\/inoxplus.mailbox-marketing10.be\/?post_type=product&#038;p=992"},"modified":"2024-01-19T13:35:09","modified_gmt":"2024-01-19T12:35:09","slug":"evier-en-acier-inoxydable","status":"publish","type":"product","link":"http:\/\/www.inoxplus.be\/fr\/product\/inox-spoelbak\/","title":{"rendered":"\u00c9vier en acier inoxydable"},"content":{"rendered":"<p>Bienvenue chez Inoxplus, votre expert en \u00e9viers en acier inoxydable. Nous fabriquons tout sur mesure, du XS au XL, de l'\u00e9vier simple \u00e0 l'\u00e9vier double.<\/p>\n\n\n\n<h2 class=\"wp-block-heading\">\u00c9vier en acier inoxydable sur mesure<\/h2>\n\n\n\n<p>Inoxplus con\u00e7oit dans toutes les tailles et fabrique un \u00e9vier de cuisine avec meuble \u00e9vier qui s'int\u00e8gre parfaitement \u00e0 votre int\u00e9rieur. Nous avons d\u00e9lib\u00e9r\u00e9ment choisi l'acier inoxydable, un mat\u00e9riau exceptionnellement r\u00e9sistant et dont la qualit\u00e9 est garantie. De plus, chaque \u00e9vier est tr\u00e8s facile \u00e0 entretenir et prot\u00e9g\u00e9 contre l'utilisation de casseroles chaudes.<\/p>\n\n\n\n<p>L'acier inoxydable peut \u00eatre parfaitement combin\u00e9 avec un aspect et une sensation \u00e9pur\u00e9s, mais aussi avec des mat\u00e9riaux chauds comme le bois.<\/p>","protected":false},"featured_media":987,"template":"","producttype":[18],"class_list":["post-992","product","type-product","status-publish","has-post-thumbnail","hentry","producttype-keuken"],"_links":{"self":[{"href":"http:\/\/www.inoxplus.be\/fr\/wp-json\/wp\/v2\/product\/992","targetHints":{"allow":["GET"]}}],"collection":[{"href":"http:\/\/www.inoxplus.be\/fr\/wp-json\/wp\/v2\/product"}],"about":[{"href":"http:\/\/www.inoxplus.be\/fr\/wp-json\/wp\/v2\/types\/product"}],"version-history":[{"count":1,"href":"http:\/\/www.inoxplus.be\/fr\/wp-json\/wp\/v2\/product\/992\/revisions"}],"predecessor-version":[{"id":1308,"href":"http:\/\/www.inoxplus.be\/fr\/wp-json\/wp\/v2\/product\/992\/revisions\/1308"}],"wp:featuredmedia":[{"embeddable":true,"href":"http:\/\/www.inoxplus.be\/fr\/wp-json\/wp\/v2\/media\/987"}],"wp:attachment":[{"href":"http:\/\/www.inoxplus.be\/fr\/wp-json\/wp\/v2\/media?parent=992"}],"wp:term":[{"taxonomy":"producttype","embeddable":true,"href":"http:\/\/www.inoxplus.be\/fr\/wp-json\/wp\/v2\/producttype?post=992"}],"curies":[{"name":"wp","href":"https:\/\/api.w.org\/{rel}","templated":true}]}}